{"id":93,"date":"2009-08-12T14:04:31","date_gmt":"2009-08-12T12:04:31","guid":{"rendered":"http:\/\/www.jaekleins-spiesse.de\/spiesse\/?page_id=93"},"modified":"2025-08-22T20:57:07","modified_gmt":"2025-08-22T18:57:07","slug":"startseite","status":"publish","type":"page","link":"https:\/\/www.jaekleins-spiesse.de\/spiesse\/","title":{"rendered":"Willkommen"},"content":{"rendered":"\n<div class=\"wp-block-columns is-layout-flex wp-container-core-columns-is-layout-1 wp-block-columns-is-layout-flex\">\n<div class=\"wp-block-column is-layout-flow wp-block-column-is-layout-flow\" style=\"flex-basis:100%\">\n<div class=\"wp-block-group has-white-background-color has-background has-medium-font-size\"><div class=\"wp-block-group__inner-container is-layout-constrained wp-block-group-is-layout-constrained\">\n<div class=\"wp-block-group has-white-background-color has-background\"><div class=\"wp-block-group__inner-container is-layout-constrained wp-block-group-is-layout-constrained\">\n<p>Willkommen auf der Internetseite der historischen Fechtgruppe<\/p>\n\n\n<div class=\"wp-block-image\">\n<figure class=\"aligncenter\"><img loading=\"lazy\" decoding=\"async\" width=\"300\" height=\"279\" src=\"https:\/\/www.jaekleins-spiesse.de\/spiesse\/wp-content\/uploads\/2009\/10\/logo-300x279.jpg\" alt=\"logo\" class=\"wp-image-170\" title=\"Hier geht's weiter ...\" srcset=\"https:\/\/www.jaekleins-spiesse.de\/spiesse\/wp-content\/uploads\/2009\/10\/logo-300x279.jpg 300w, https:\/\/www.jaekleins-spiesse.de\/spiesse\/wp-content\/uploads\/2009\/10\/logo.jpg 756w\" sizes=\"auto, (max-width: 300px) 100vw, 300px\" \/><\/figure><\/div>\n\n\n<p>aus Heilbronn \/ Bad Rappenau.<\/p>\n\n\n\n<p>Unser Verein besch\u00e4ftigt sich mit der Erforschung und Darstellung historischer Fechtkunst<br>\nsowie der Kultur und des Lebens im Sp\u00e4tmittelalter und der Renaissance.<\/p>\n\n\n\n<p>Der Schwerpunkt unseres Vereinslebens ist der Bauernkrieg von 1525 im schw\u00e4bisch-fr\u00e4nkischen Raum und die Darstellung eines Landsknechts- und Bauernhaufens dieser Zeit.<\/p>\n<\/div><\/div>\n<\/div><\/div>\n<\/div>\n<\/div>\n","protected":false},"excerpt":{"rendered":"<p>Willkommen auf der Internetseite der historischen Fechtgruppe aus Heilbronn \/ Bad Rappenau. Unser Verein besch\u00e4ftigt sich mit der Erforschung und Darstellung historischer Fechtkunst sowie der Kultur und des Lebens im Sp\u00e4tmittelalter und der Renaissance. Der Schwerpunkt unseres Vereinslebens ist der Bauernkrieg von 1525 im schw\u00e4bisch-fr\u00e4nkischen Raum und die Darstellung eines Landsknechts- und Bauernhaufens dieser Zeit.<\/p>\n","protected":false},"author":6,"featured_media":0,"parent":0,"menu_order":0,"comment_status":"closed","ping_status":"closed","template":"","meta":{"footnotes":""},"class_list":["post-93","page","type-page","status-publish","hentry"],"_links":{"self":[{"href":"https:\/\/www.jaekleins-spiesse.de\/spiesse\/wp-json\/wp\/v2\/pages\/93","targetHints":{"allow":["GET"]}}],"collection":[{"href":"https:\/\/www.jaekleins-spiesse.de\/spiesse\/wp-json\/wp\/v2\/pages"}],"about":[{"href":"https:\/\/www.jaekleins-spiesse.de\/spiesse\/wp-json\/wp\/v2\/types\/page"}],"author":[{"embeddable":true,"href":"https:\/\/www.jaekleins-spiesse.de\/spiesse\/wp-json\/wp\/v2\/users\/6"}],"replies":[{"embeddable":true,"href":"https:\/\/www.jaekleins-spiesse.de\/spiesse\/wp-json\/wp\/v2\/comments?post=93"}],"version-history":[{"count":38,"href":"https:\/\/www.jaekleins-spiesse.de\/spiesse\/wp-json\/wp\/v2\/pages\/93\/revisions"}],"predecessor-version":[{"id":1555,"href":"https:\/\/www.jaekleins-spiesse.de\/spiesse\/wp-json\/wp\/v2\/pages\/93\/revisions\/1555"}],"wp:attachment":[{"href":"https:\/\/www.jaekleins-spiesse.de\/spiesse\/wp-json\/wp\/v2\/media?parent=93"}],"curies":[{"name":"wp","href":"https:\/\/api.w.org\/{rel}","templated":true}]}}